{"id":25,"date":"2020-06-10T13:06:47","date_gmt":"2020-06-10T13:06:47","guid":{"rendered":"https:\/\/gustavo-aroca.com\/?page_id=25"},"modified":"2024-09-10T10:10:28","modified_gmt":"2024-09-10T15:10:28","slug":"about-me","status":"publish","type":"page","link":"https:\/\/gustavo-aroca.com\/en\/about-me\/","title":{"rendered":"About Me"},"content":{"rendered":"<div data-elementor-type=\"wp-page\" data-elementor-id=\"25\" class=\"elementor elementor-25\">\n\t\t\t\t\t\t<section class=\"elementor-section elementor-top-section elementor-element elementor-element-88efb68 elementor-section-boxed elementor-section-height-default elementor-section-height-default\" data-id=\"88efb68\" data-element_type=\"section\">\n\t\t\t\t\t\t<div class=\"elementor-container elementor-column-gap-default\">\n\t\t\t\t\t<div class=\"elementor-column elementor-col-100 elementor-top-column elementor-element elementor-element-36d0fc2\" data-id=\"36d0fc2\" data-element_type=\"column\">\n\t\t\t<div class=\"elementor-widget-wrap elementor-element-populated\">\n\t\t\t\t\t\t<div class=\"elementor-element elementor-element-be516a6 elementor-widget__width-auto e-transform e-transform elementor-invisible elementor-widget elementor-widget-breezycv-home-page-second\" data-id=\"be516a6\" data-element_type=\"widget\" data-settings=\"{&quot;_animation&quot;:&quot;fadeIn&quot;,&quot;_transform_rotateZ_effect&quot;:{&quot;unit&quot;:&quot;px&quot;,&quot;size&quot;:0,&quot;sizes&quot;:[]},&quot;_transform_rotateZ_effect_tablet&quot;:{&quot;unit&quot;:&quot;deg&quot;,&quot;size&quot;:&quot;&quot;,&quot;sizes&quot;:[]},&quot;_transform_rotateZ_effect_mobile&quot;:{&quot;unit&quot;:&quot;deg&quot;,&quot;size&quot;:&quot;&quot;,&quot;sizes&quot;:[]},&quot;_transform_scale_effect&quot;:{&quot;unit&quot;:&quot;px&quot;,&quot;size&quot;:&quot;&quot;,&quot;sizes&quot;:[]},&quot;_transform_scale_effect_tablet&quot;:{&quot;unit&quot;:&quot;px&quot;,&quot;size&quot;:&quot;&quot;,&quot;sizes&quot;:[]},&quot;_transform_scale_effect_mobile&quot;:{&quot;unit&quot;:&quot;px&quot;,&quot;size&quot;:&quot;&quot;,&quot;sizes&quot;:[]}}\" data-widget_type=\"breezycv-home-page-second.default\">\n\t\t\t\t<div class=\"elementor-widget-container\">\n\t\t\t\t\t\r\n\t\t<div class=\"section-content vcentered home-page-second-style\">\r\n\r\n\t\t\t<div id=\"home_content_be516a6\" class=\"home-content\">\r\n\t\t\t    <div class=\"row flex-v-align flex-direction-reverse\">\r\n\t\t\t        <div class=\"col-sm-12 col-md-6 col-lg-6\">\r\n\t\t\t            <div class=\"home-photo\">\r\n\t\t\t                <div class=\"hp-inner\" style=\"background-image: url(https:\/\/gustavo-aroca.com\/wp-content\/uploads\/2024\/09\/IMG-20240909-WA0009.jpg)\"><\/div>\r\n\t\t\t            <\/div>\r\n\t\t\t            \t\t\t        <\/div>\r\n\r\n\t\t\t        <div class=\"col-sm-12 col-md-6 col-lg-6\">\r\n\t\t\t            <div class=\"home-text\">\r\n\t\t\t                \t\t\t                <div class=\"owl-carousel text-rotation\">                                    \r\n\t\t\t                    \t\t\t                        <div class=\"item\">\r\n\t\t\t                            <h4>Senior Researcher<\/h4>\r\n\t\t\t                        <\/div>\r\n\t\t\t                    \t\t\t                        <div class=\"item\">\r\n\t\t\t                            <h4>Investigador<\/h4>\r\n\t\t\t                        <\/div>\r\n\t\t\t                    \t\t\t                <\/div>\r\n\t\t\t                \t\t\t                <h1>Gustavo Aroca Mart\u00ednez<\/h1>\r\n\t\t\t                <p>Gustavo Aroca Mart\u00ednez is a renowned Colombian physician and researcher, specializing in nephrology and internal medicine. He graduated in 1980 as a medical doctor from the Fundaci\u00f3n Universidad del Norte, where he has been a full professor since 1987. Aroca furthered his education with specializations in Internal Medicine and Nephrology at the Central Military Hospital. Later, he earned a PhD in Research and Teaching from the Panamerican Center for Higher Studies in Mexico.\n\nSince 1991, he has served as the scientific director at the Cl\u00ednica de la Costa, leading research on kidney diseases such as lupus nephritis and chronic renal failure. His contributions have been pivotal in advancing the treatment of these conditions in the Caribbean region of Colombia, earning him numerous recognitions at national congresses.\n\nCurrently, he holds the title of Senior Researcher, awarded by MinCiencias, and his career stands as a testament to his dedication to medicine and research. Gustavo Aroca Mart\u00ednez has established himself as a key figure in the field of nephrology and internal medicine in Colombia.<\/p>\r\n\t\t\t                \t\t\t                   <div class=\"home-buttons\">\r\n\t\t\t                    \t\t\t\t                        <a href=\"https:\/\/gustavo-aroca.com\/wp-content\/uploads\/2024\/09\/Hoja-de-vida-Dr-Aroca.pdf\" target=\"yes\" class=\"btn btn-primary\">Download CV<\/a>\r\n\t\t\t                    \t\t\t\t\t                        <a href=\"https:\/\/wa.link\/15if6o\" target=\"yes\" class=\"btn btn-secondary\">Contact<\/a>\r\n\t\t\t                    \t\t\t\t                    <\/div>\r\n\t\t\t                    \t\t\t            <\/div>\r\n\t\t\t        <\/div>\r\n\t\t\t    <\/div>\r\n\t\t\t<\/div>\r\n\r\n        <\/div>\r\n\r\n        \t\t\t\t<\/div>\n\t\t\t\t<\/div>\n\t\t\t\t\t<\/div>\n\t\t<\/div>\n\t\t\t\t\t<\/div>\n\t\t<\/section>\n\t\t\t\t<section class=\"elementor-section elementor-top-section elementor-element elementor-element-6353276 elementor-section-boxed elementor-section-height-default elementor-section-height-default\" data-id=\"6353276\" data-element_type=\"section\">\n\t\t\t\t\t\t<div class=\"elementor-container elementor-column-gap-default\">\n\t\t\t\t\t<div class=\"elementor-column elementor-col-100 elementor-top-column elementor-element elementor-element-4f5cebd\" data-id=\"4f5cebd\" data-element_type=\"column\">\n\t\t\t<div class=\"elementor-widget-wrap elementor-element-populated\">\n\t\t\t\t\t\t<div class=\"elementor-element elementor-element-dfaa64a elementor-widget elementor-widget-spacer\" data-id=\"dfaa64a\" data-element_type=\"widget\" data-widget_type=\"spacer.default\">\n\t\t\t\t<div class=\"elementor-widget-container\">\n\t\t\t\t\t\t\t<div class=\"elementor-spacer\">\n\t\t\t<div class=\"elementor-spacer-inner\"><\/div>\n\t\t<\/div>\n\t\t\t\t\t\t<\/div>\n\t\t\t\t<\/div>\n\t\t\t\t<div class=\"elementor-element elementor-element-925db9c elementor-widget elementor-widget-breezycv-block-title\" data-id=\"925db9c\" data-element_type=\"widget\" data-widget_type=\"breezycv-block-title.default\">\n\t\t\t\t<div class=\"elementor-widget-container\">\n\t\t\t\t\t<div class=\"block-title\"><h2 class=\"translation-block\">Who<span> I Am<\/span><\/h2><\/div>\t\t\t\t<\/div>\n\t\t\t\t<\/div>\n\t\t\t\t\t<\/div>\n\t\t<\/div>\n\t\t\t\t\t<\/div>\n\t\t<\/section>\n\t\t\t\t<section class=\"elementor-section elementor-top-section elementor-element elementor-element-2810c44 elementor-section-boxed elementor-section-height-default elementor-section-height-default\" data-id=\"2810c44\" data-element_type=\"section\">\n\t\t\t\t\t\t<div class=\"elementor-container elementor-column-gap-default\">\n\t\t\t\t\t<div class=\"elementor-column elementor-col-50 elementor-top-column elementor-element elementor-element-742ee06\" data-id=\"742ee06\" data-element_type=\"column\">\n\t\t\t<div class=\"elementor-widget-wrap elementor-element-populated\">\n\t\t\t\t\t\t<div class=\"elementor-element elementor-element-31d9f34 elementor-widget elementor-widget-breezycv-service\" data-id=\"31d9f34\" data-element_type=\"widget\" data-widget_type=\"breezycv-service.default\">\n\t\t\t\t<div class=\"elementor-widget-container\">\n\t\t\t\t\t\t\t<div class=\"info-list-w-icon\">\r\n\t\t\t<div class=\"info-block-w-icon\">\r\n\t\t\t\t<div class=\"ci-icon\">\r\n\t\t\t\t\t<i aria-hidden=\"true\" class=\"lnr lnr-graduation-hat\"><\/i>\t\t\t\t<\/div>\r\n\t\t\t\t<div class=\"ci-text\">\r\n\t\t\t\t\t<h4>Specialization in Internal Medicine and Nephrology<\/h4>\r\n\t\t\t\t\t<p>An expert in the treatment of diseases of the renal system and internal medicine, Gustavo Aroca Mart\u00ednez has the ability to address a wide range of chronic and acute conditions. His comprehensive approach allows him to care for both kidney health and the overall well-being of his patients, offering specialized and personalized treatment for each case.<\/p>\r\n\t\t\t\t<\/div>\r\n\t\t\t<\/div>\r\n\t\t<\/div>\r\n\t\t\t\t\t\t<\/div>\n\t\t\t\t<\/div>\n\t\t\t\t<div class=\"elementor-element elementor-element-5fb44c4 elementor-widget elementor-widget-breezycv-service\" data-id=\"5fb44c4\" data-element_type=\"widget\" data-widget_type=\"breezycv-service.default\">\n\t\t\t\t<div class=\"elementor-widget-container\">\n\t\t\t\t\t\t\t<div class=\"info-list-w-icon\">\r\n\t\t\t<div class=\"info-block-w-icon\">\r\n\t\t\t\t<div class=\"ci-icon\">\r\n\t\t\t\t\t<i aria-hidden=\"true\" class=\"lnr lnr-laptop-phone\"><\/i>\t\t\t\t<\/div>\r\n\t\t\t\t<div class=\"ci-text\">\r\n\t\t\t\t\t<h4>Member of International Societies<\/h4>\r\n\t\t\t\t\t<p>Dr. Gustavo Aroca is a member of the most prestigious nephrology societies worldwide, including the American Society of Nephrology, the International Society of Nephrology, the Latin American Society of Nephrology and Hypertension, and the Colombian Association of Nephrology. His membership in these institutions reflects his commitment to medical excellence and leadership in the field of nephrology at a global level.<\/p>\r\n\t\t\t\t<\/div>\r\n\t\t\t<\/div>\r\n\t\t<\/div>\r\n\t\t\t\t\t\t<\/div>\n\t\t\t\t<\/div>\n\t\t\t\t\t<\/div>\n\t\t<\/div>\n\t\t\t\t<div class=\"elementor-column elementor-col-50 elementor-top-column elementor-element elementor-element-09a986a\" data-id=\"09a986a\" data-element_type=\"column\">\n\t\t\t<div class=\"elementor-widget-wrap elementor-element-populated\">\n\t\t\t\t\t\t<div class=\"elementor-element elementor-element-aadc7bf elementor-widget elementor-widget-breezycv-service\" data-id=\"aadc7bf\" data-element_type=\"widget\" data-widget_type=\"breezycv-service.default\">\n\t\t\t\t<div class=\"elementor-widget-container\">\n\t\t\t\t\t\t\t<div class=\"info-list-w-icon\">\r\n\t\t\t<div class=\"info-block-w-icon\">\r\n\t\t\t\t<div class=\"ci-icon\">\r\n\t\t\t\t\t<i aria-hidden=\"true\" class=\"lnr lnr-pencil\"><\/i>\t\t\t\t<\/div>\r\n\t\t\t\t<div class=\"ci-text\">\r\n\t\t\t\t\t<h4>Senior Researcher at MinCiencias<\/h4>\r\n\t\t\t\t\t<p>A researcher recognized for his leadership in the Nephrology Research Group, ranked in the A1 category by MinCiencias, Gustavo Aroca Mart\u00ednez stands out for his focus on the early diagnosis and prevention of kidney diseases, especially in the Caribbean region of Colombia. His work has been key in improving the detection and treatment of these pathologies, which has allowed for a significant impact on public health.<\/p>\r\n\t\t\t\t<\/div>\r\n\t\t\t<\/div>\r\n\t\t<\/div>\r\n\t\t\t\t\t\t<\/div>\n\t\t\t\t<\/div>\n\t\t\t\t<div class=\"elementor-element elementor-element-3c86a6e elementor-widget elementor-widget-breezycv-service\" data-id=\"3c86a6e\" data-element_type=\"widget\" data-widget_type=\"breezycv-service.default\">\n\t\t\t\t<div class=\"elementor-widget-container\">\n\t\t\t\t\t\t\t<div class=\"info-list-w-icon\">\r\n\t\t\t<div class=\"info-block-w-icon\">\r\n\t\t\t\t<div class=\"ci-icon\">\r\n\t\t\t\t\t<i aria-hidden=\"true\" class=\"lnr lnr-flag\"><\/i>\t\t\t\t<\/div>\r\n\t\t\t\t<div class=\"ci-text\">\r\n\t\t\t\t\t<h4>Focus on Prevention and Sustainable Renal Health<\/h4>\r\n\t\t\t\t\t<p>He has developed a systematic and comprehensive model to address risk factors for kidney diseases in Barranquilla, integrating advanced research, specialized teaching, and personalized medical care. This multidisciplinary approach aims to promote kidney health, prevent long-term complications, and improve the quality of life for patients in the region.<\/p>\r\n\t\t\t\t<\/div>\r\n\t\t\t<\/div>\r\n\t\t<\/div>\r\n\t\t\t\t\t\t<\/div>\n\t\t\t\t<\/div>\n\t\t\t\t\t<\/div>\n\t\t<\/div>\n\t\t\t\t\t<\/div>\n\t\t<\/section>\n\t\t\t\t<section class=\"elementor-section elementor-top-section elementor-element elementor-element-7754d51 elementor-section-boxed elementor-section-height-default elementor-section-height-default\" data-id=\"7754d51\" data-element_type=\"section\">\n\t\t\t\t\t\t<div class=\"elementor-container elementor-column-gap-default\">\n\t\t\t\t\t<div class=\"elementor-column elementor-col-100 elementor-top-column elementor-element elementor-element-e35a823\" data-id=\"e35a823\" data-element_type=\"column\">\n\t\t\t<div class=\"elementor-widget-wrap elementor-element-populated\">\n\t\t\t\t\t\t<div class=\"elementor-element elementor-element-e2519af elementor-widget elementor-widget-html\" data-id=\"e2519af\" data-element_type=\"widget\" data-widget_type=\"html.default\">\n\t\t\t\t<div class=\"elementor-widget-container\">\n\t\t\t\t\t<div class=\"testimonial-section\">\r\n  <h2>Testimonials about Dr. Gustavo Aroca Mart\u00ednez<\/h2>\r\n  <div class=\"testimonial-grid\">\r\n    <div class=\"testimonial-card\">\r\n      <p class=\"testimonial-text\">\"Dr. Aroca is an exceptional doctor. His dedication and commitment to his patients are incomparable. Thanks to him, I have achieved significant improvements in my health. Highly recommended, 100%!\"\n\u2013 Mar\u00eda Rodr\u00edguez<\/p>\r\n      <p class=\"testimonial-author\">- Mar\u00eda Rodr\u00edguez<\/p>\r\n    <\/div>\r\n    <div class=\"testimonial-card\">\r\n      <p class=\"testimonial-text\">\"A true professional. Dr. Aroca not only provided me with the right treatment, but he also took the time to explain every detail. I am very grateful for his care and constant support.\"\n\u2013 Juan P\u00e9rez<\/p>\r\n      <p class=\"testimonial-author\">- Juan P\u00e9rez<\/p>\r\n    <\/div>\r\n    <div class=\"testimonial-card\">\r\n      <p class=\"testimonial-text\">\"After visiting several specialists, Dr. Aroca was the only one who correctly diagnosed my illness. I can't find the words to express my gratitude for his dedication and empathy.\"\n\u2013 Laura Fern\u00e1ndez<\/p>\r\n      <p class=\"testimonial-author\">- Laura Fern\u00e1ndez<\/p>\r\n    <\/div>\r\n    <div class=\"testimonial-card\">\r\n      <p class=\"testimonial-text\">\"Dr. Aroca is a leader in his field. His knowledge and medical skills are impressive, and his human touch makes him a unique doctor. I recommend him without any doubt.\"\n\u2013 Carlos G\u00f3mez<\/p>\r\n      <p class=\"testimonial-author\">- Carlos G\u00f3mez<\/p>\r\n    <\/div>\r\n  <\/div>\r\n<\/div>\r\n\r\n<style>\r\n  .testimonial-section {\r\n    padding: 40px;\r\n    text-align: center;\r\n    background-color: #f9f9f9;\r\n  }\r\n\r\n  .testimonial-section h2 {\r\n    font-size: 2em;\r\n    margin-bottom: 30px;\r\n    font-family: 'Poppins', Arial, sans-serif;\r\n  }\r\n\r\n  .testimonial-grid {\r\n    display: grid;\r\n    grid-template-columns: repeat(auto-fit, minmax(300px, 1fr));\r\n    gap: 20px;\r\n  }\r\n\r\n  .testimonial-card {\r\n    background-color: #fff;\r\n    border: 1px solid #ddd;\r\n    padding: 20px;\r\n    border-radius: 10px;\r\n    box-shadow: 0 4px 10px rgba(0, 0, 0, 0.1);\r\n    transition: transform 0.3s, box-shadow 0.3s;\r\n  }\r\n\r\n  .testimonial-card:hover {\r\n    transform: translateY(-10px);\r\n    box-shadow: 0 8px 20px rgba(0, 0, 0, 0.2);\r\n  }\r\n\r\n  .testimonial-text {\r\n    font-size: 1.1em;\r\n    color: #333;\r\n    margin-bottom: 15px;\r\n    font-style: italic;\r\n  }\r\n\r\n  .testimonial-author {\r\n    font-size: 1em;\r\n    color: #555;\r\n    font-weight: bold;\r\n  }\r\n<\/style>\r\n\t\t\t\t<\/div>\n\t\t\t\t<\/div>\n\t\t\t\t\t<\/div>\n\t\t<\/div>\n\t\t\t\t\t<\/div>\n\t\t<\/section>\n\t\t\t\t<section class=\"elementor-section elementor-top-section elementor-element elementor-element-ada730a elementor-section-boxed elementor-section-height-default elementor-section-height-default elementor-invisible\" data-id=\"ada730a\" data-element_type=\"section\" data-settings=\"{&quot;animation&quot;:&quot;fadeIn&quot;}\">\n\t\t\t\t\t\t<div class=\"elementor-container elementor-column-gap-default\">\n\t\t\t\t\t<div class=\"elementor-column elementor-col-25 elementor-top-column elementor-element elementor-element-e6b175d\" data-id=\"e6b175d\" data-element_type=\"column\">\n\t\t\t<div class=\"elementor-widget-wrap elementor-element-populated\">\n\t\t\t\t\t\t<div class=\"elementor-element elementor-element-e780939 elementor-widget elementor-widget-image\" data-id=\"e780939\" data-element_type=\"widget\" data-widget_type=\"image.default\">\n\t\t\t\t<div class=\"elementor-widget-container\">\n\t\t\t\t\t\t\t\t\t\t\t\t\t\t\t<img decoding=\"async\" width=\"250\" height=\"106\" src=\"https:\/\/gustavo-aroca.com\/wp-content\/uploads\/2024\/09\/IMG-20240907-WA0008.jpg\" class=\"attachment-large size-large wp-image-210\" alt=\"\" \/>\t\t\t\t\t\t\t\t\t\t\t\t\t\t\t<\/div>\n\t\t\t\t<\/div>\n\t\t\t\t\t<\/div>\n\t\t<\/div>\n\t\t\t\t<div class=\"elementor-column elementor-col-25 elementor-top-column elementor-element elementor-element-433ef77\" data-id=\"433ef77\" data-element_type=\"column\">\n\t\t\t<div class=\"elementor-widget-wrap elementor-element-populated\">\n\t\t\t\t\t\t<div class=\"elementor-element elementor-element-ed4dc31 elementor-widget elementor-widget-image\" data-id=\"ed4dc31\" data-element_type=\"widget\" data-widget_type=\"image.default\">\n\t\t\t\t<div class=\"elementor-widget-container\">\n\t\t\t\t\t\t\t\t\t\t\t\t\t\t\t<img decoding=\"async\" width=\"250\" height=\"106\" src=\"https:\/\/gustavo-aroca.com\/wp-content\/uploads\/2024\/09\/IMG-20240907-WA0005.jpg\" class=\"attachment-large size-large wp-image-207\" alt=\"\" \/>\t\t\t\t\t\t\t\t\t\t\t\t\t\t\t<\/div>\n\t\t\t\t<\/div>\n\t\t\t\t\t<\/div>\n\t\t<\/div>\n\t\t\t\t<div class=\"elementor-column elementor-col-25 elementor-top-column elementor-element elementor-element-1ac7c02\" data-id=\"1ac7c02\" data-element_type=\"column\">\n\t\t\t<div class=\"elementor-widget-wrap elementor-element-populated\">\n\t\t\t\t\t\t<div class=\"elementor-element elementor-element-d7d31fb elementor-widget elementor-widget-image\" data-id=\"d7d31fb\" data-element_type=\"widget\" data-widget_type=\"image.default\">\n\t\t\t\t<div class=\"elementor-widget-container\">\n\t\t\t\t\t\t\t\t\t\t\t\t\t\t\t<img decoding=\"async\" width=\"250\" height=\"106\" src=\"https:\/\/gustavo-aroca.com\/wp-content\/uploads\/2024\/09\/IMG-20240907-WA0006.jpg\" class=\"attachment-large size-large wp-image-208\" alt=\"\" \/>\t\t\t\t\t\t\t\t\t\t\t\t\t\t\t<\/div>\n\t\t\t\t<\/div>\n\t\t\t\t\t<\/div>\n\t\t<\/div>\n\t\t\t\t<div class=\"elementor-column elementor-col-25 elementor-top-column elementor-element elementor-element-fc1b793\" data-id=\"fc1b793\" data-element_type=\"column\">\n\t\t\t<div class=\"elementor-widget-wrap elementor-element-populated\">\n\t\t\t\t\t\t<div class=\"elementor-element elementor-element-89fbcdb elementor-widget elementor-widget-image\" data-id=\"89fbcdb\" data-element_type=\"widget\" data-widget_type=\"image.default\">\n\t\t\t\t<div class=\"elementor-widget-container\">\n\t\t\t\t\t\t\t\t\t\t\t\t\t\t\t<img loading=\"lazy\" decoding=\"async\" width=\"250\" height=\"106\" src=\"https:\/\/gustavo-aroca.com\/wp-content\/uploads\/2024\/09\/IMG-20240907-WA0007.jpg\" class=\"attachment-large size-large wp-image-209\" alt=\"\" \/>\t\t\t\t\t\t\t\t\t\t\t\t\t\t\t<\/div>\n\t\t\t\t<\/div>\n\t\t\t\t\t<\/div>\n\t\t<\/div>\n\t\t\t\t\t<\/div>\n\t\t<\/section>\n\t\t\t\t<\/div>","protected":false},"excerpt":{"rendered":"<p>Investigador Senior Investigador Gustavo Aroca Mart\u00ednez Gustavo Aroca Mart\u00ednez es un reconocido m\u00e9dico e investigador colombiano, experto en nefrolog\u00eda y medicina interna. Graduado en 1980, m\u00e9dico por la Fundaci\u00f3n Universidad del Norte, donde ha ejercido como profesor titular desde 1987, Aroca complement\u00f3 su formaci\u00f3n con especializaciones en Medicina Interna y Nefrolog\u00eda en el Hospital Militar&#8230;<\/p>\n<p><a class=\"read-more\" href=\"https:\/\/gustavo-aroca.com\/en\/about-me\/\">Read More<\/a><\/p>","protected":false},"author":1,"featured_media":0,"parent":0,"menu_order":0,"comment_status":"closed","ping_status":"closed","template":"","meta":{"footnotes":""},"class_list":["post-25","page","type-page","status-publish","hentry"],"_links":{"self":[{"href":"https:\/\/gustavo-aroca.com\/en\/wp-json\/wp\/v2\/pages\/25"}],"collection":[{"href":"https:\/\/gustavo-aroca.com\/en\/wp-json\/wp\/v2\/pages"}],"about":[{"href":"https:\/\/gustavo-aroca.com\/en\/wp-json\/wp\/v2\/types\/page"}],"author":[{"embeddable":true,"href":"https:\/\/gustavo-aroca.com\/en\/wp-json\/wp\/v2\/users\/1"}],"replies":[{"embeddable":true,"href":"https:\/\/gustavo-aroca.com\/en\/wp-json\/wp\/v2\/comments?post=25"}],"version-history":[{"count":146,"href":"https:\/\/gustavo-aroca.com\/en\/wp-json\/wp\/v2\/pages\/25\/revisions"}],"predecessor-version":[{"id":439,"href":"https:\/\/gustavo-aroca.com\/en\/wp-json\/wp\/v2\/pages\/25\/revisions\/439"}],"wp:attachment":[{"href":"https:\/\/gustavo-aroca.com\/en\/wp-json\/wp\/v2\/media?parent=25"}],"curies":[{"name":"wp","href":"https:\/\/api.w.org\/{rel}","templated":true}]}}